{"id":2713,"date":"2025-02-19T09:04:36","date_gmt":"2025-02-19T09:04:36","guid":{"rendered":"https:\/\/check-ai.it\/ergebnisse\/"},"modified":"2025-12-30T09:09:31","modified_gmt":"2025-12-30T09:09:31","slug":"ergebnisse","status":"publish","type":"page","link":"https:\/\/check-ai.it\/de\/ergebnisse\/","title":{"rendered":"Ergebnisse"},"content":{"rendered":"<div id='work'  class='avia-section av-1391r-043f17027340bd3f21dc7966d7610c59 main_color avia-section-huge avia-no-border-styling  avia-builder-el-0  avia-builder-el-no-sibling  avia-bg-style-scroll container_wrap sidebar_right'  ><div class='container av-section-cont-open' ><main  role=\"main\" itemprop=\"mainContentOfPage\"  class='template-page content  av-content-small alpha units'><div class='post-entry post-entry-type-page post-entry-2713'><div class='entry-content-wrapper clearfix'>\n<div  class='flex_column av-8vn7sa-7525b563cff6316ed89713e92d82ecb3 av_one_half  avia-builder-el-1  el_before_av_one_half  avia-builder-el-first  first flex_column_div  '     ><p>\n<style type=\"text\/css\" data-created_by=\"avia_inline_auto\" id=\"style-css-av-thzo1-512d6e91ab8936d8db23c508525360b1\">\n#top .av-special-heading.av-thzo1-512d6e91ab8936d8db23c508525360b1{\nmargin:0 0 0.7em 0;\npadding-bottom:0;\nfont-size:53px;\n}\nbody .av-special-heading.av-thzo1-512d6e91ab8936d8db23c508525360b1 .av-special-heading-tag .heading-char{\nfont-size:25px;\n}\n#top #wrap_all .av-special-heading.av-thzo1-512d6e91ab8936d8db23c508525360b1 .av-special-heading-tag{\nfont-size:53px;\n}\n.av-special-heading.av-thzo1-512d6e91ab8936d8db23c508525360b1 .av-subheading{\nfont-size:23px;\n}\n\n@media only screen and (min-width: 480px) and (max-width: 767px){ \n#top #wrap_all .av-special-heading.av-thzo1-512d6e91ab8936d8db23c508525360b1 .av-special-heading-tag{\nfont-size:0.8em;\n}\n}\n\n@media only screen and (max-width: 479px){ \n#top #wrap_all .av-special-heading.av-thzo1-512d6e91ab8936d8db23c508525360b1 .av-special-heading-tag{\nfont-size:0.8em;\n}\n}\n<\/style>\n<div  class='av-special-heading av-thzo1-512d6e91ab8936d8db23c508525360b1 av-special-heading-h3 blockquote modern-quote  avia-builder-el-2  el_before_av_textblock  avia-builder-el-first  av-inherit-size'><h3 class='av-special-heading-tag '  itemprop=\"headline\"  >reales Wachstum<\/h3><div class=\"special-heading-border\"><div class=\"special-heading-inner-border\"><\/div><\/div><\/div><br \/>\n<section  class='av_textblock_section av-m79a38pq-bfacd707873c82bf2897c67aa83eb01b '   itemscope=\"itemscope\" itemtype=\"https:\/\/schema.org\/CreativeWork\" ><div class='avia_textblock'  itemprop=\"text\" ><h3>Vergiss den Kauf gef\u00e4lschter Bewertungen.<\/h3>\n<p>Dank unserer KI-gest\u00fctzten Software ziehst du gezielt Kund:innen mit positiven Bewertungen an.<\/p>\n<\/div><\/section><\/p><\/div>\n<style type=\"text\/css\" data-created_by=\"avia_inline_auto\" id=\"style-css-av-m7a8xiav-71f6085bee2c1a84f03d5c26843c3bc6\">\n.flex_column.av-m7a8xiav-71f6085bee2c1a84f03d5c26843c3bc6{\npadding:30px 30px 30px 30px;\nbackground-color:#ffffff;\n}\n<\/style>\n<div  class='flex_column av-m7a8xiav-71f6085bee2c1a84f03d5c26843c3bc6 av_one_half  avia-builder-el-4  el_after_av_one_half  el_before_av_hr  flex_column_div  '     ><p>\n<style type=\"text\/css\" data-created_by=\"avia_inline_auto\" id=\"style-css-av-m7dfjmge-f235b44a6143b957ce77f9ef42480d21\">\n.avia-image-container.av-m7dfjmge-f235b44a6143b957ce77f9ef42480d21 img.avia_image{\nbox-shadow:none;\n}\n.avia-image-container.av-m7dfjmge-f235b44a6143b957ce77f9ef42480d21 .av-image-caption-overlay-center{\ncolor:#ffffff;\n}\n<\/style>\n<div  class='avia-image-container av-m7dfjmge-f235b44a6143b957ce77f9ef42480d21 av-styling- avia-align-center  avia-builder-el-5  el_before_av_image  avia-builder-el-first '   itemprop=\"image\" itemscope=\"itemscope\" itemtype=\"https:\/\/schema.org\/ImageObject\" ><div class=\"avia-image-container-inner\"><div class=\"avia-image-overlay-wrap\"><img decoding=\"async\" fetchpriority=\"high\" class='wp-image-2710 avia-img-lazy-loading-not-2710 avia_image ' src=\"https:\/\/check-ai.it\/wp-content\/uploads\/2025\/02\/tripadvisor.png\" alt='' title='tripadvisor'  height=\"58\" width=\"201\"  itemprop=\"thumbnailUrl\"  \/><\/div><\/div><\/div><br \/>\n\n<style type=\"text\/css\" data-created_by=\"avia_inline_auto\" id=\"style-css-av-m7dfju46-94ae083fd230ab4ba99b4f23fdc8c402\">\n.avia-image-container.av-m7dfju46-94ae083fd230ab4ba99b4f23fdc8c402 img.avia_image{\nbox-shadow:none;\n}\n.avia-image-container.av-m7dfju46-94ae083fd230ab4ba99b4f23fdc8c402 .av-image-caption-overlay-center{\ncolor:#ffffff;\n}\n<\/style>\n<div  class='avia-image-container av-m7dfju46-94ae083fd230ab4ba99b4f23fdc8c402 av-styling- avia-align-center  avia-builder-el-6  el_after_av_image  el_before_av_image '   itemprop=\"image\" itemscope=\"itemscope\" itemtype=\"https:\/\/schema.org\/ImageObject\" ><div class=\"avia-image-container-inner\"><div class=\"avia-image-overlay-wrap\"><img decoding=\"async\" fetchpriority=\"high\" class='wp-image-2711 avia-img-lazy-loading-not-2711 avia_image ' src=\"https:\/\/check-ai.it\/wp-content\/uploads\/2025\/02\/recensioni-google.png\" alt='' title='recensioni-google'  height=\"58\" width=\"201\"  itemprop=\"thumbnailUrl\"  \/><\/div><\/div><\/div><br \/>\n\n<style type=\"text\/css\" data-created_by=\"avia_inline_auto\" id=\"style-css-av-m7dfk2di-d4f153ed90810372cb7b1573014d0408\">\n.avia-image-container.av-m7dfk2di-d4f153ed90810372cb7b1573014d0408 img.avia_image{\nbox-shadow:none;\n}\n.avia-image-container.av-m7dfk2di-d4f153ed90810372cb7b1573014d0408 .av-image-caption-overlay-center{\ncolor:#ffffff;\n}\n<\/style>\n<div  class='avia-image-container av-m7dfk2di-d4f153ed90810372cb7b1573014d0408 av-styling- avia-align-center  avia-builder-el-7  el_after_av_image  avia-builder-el-last '   itemprop=\"image\" itemscope=\"itemscope\" itemtype=\"https:\/\/schema.org\/ImageObject\" ><div class=\"avia-image-container-inner\"><div class=\"avia-image-overlay-wrap\"><img decoding=\"async\" fetchpriority=\"high\" class='wp-image-2712 avia-img-lazy-loading-not-2712 avia_image ' src=\"https:\/\/check-ai.it\/wp-content\/uploads\/2025\/02\/truspilot.png\" alt='' title='truspilot'  height=\"58\" width=\"201\"  itemprop=\"thumbnailUrl\"  \/><\/div><\/div><\/div><\/p><\/div>\n<style type=\"text\/css\" data-created_by=\"avia_inline_auto\" id=\"style-css-av-afcxi-3961ad2cfb6363312c5b52a20694d78c\">\n#top .hr.av-afcxi-3961ad2cfb6363312c5b52a20694d78c{\nmargin-top:20px;\nmargin-bottom:90px;\n}\n.hr.av-afcxi-3961ad2cfb6363312c5b52a20694d78c .hr-inner{\nwidth:40px;\nborder-color:#45c0d6;\nmax-width:45%;\n}\n.hr.av-afcxi-3961ad2cfb6363312c5b52a20694d78c .av-seperator-icon{\ncolor:rgba(69,192,214,0.68);\n}\n<\/style>\n<div  class='hr av-afcxi-3961ad2cfb6363312c5b52a20694d78c hr-custom  avia-builder-el-8  el_after_av_one_half  el_before_av_one_half  hr-center hr-icon-yes'><span class='hr-inner inner-border-av-border-thin'><span class=\"hr-inner-style\"><\/span><\/span><span class='av-seperator-icon' aria-hidden='true' data-av_icon='\ue89a' data-av_iconfont='entypo-fontello'><\/span><span class='hr-inner inner-border-av-border-thin'><span class=\"hr-inner-style\"><\/span><\/span><\/div>\n<div  class='flex_column av-egnn2-619114dda00df31faf63bb18645bcd84 av_one_half  avia-builder-el-9  el_after_av_hr  el_before_av_one_half  first flex_column_div  '     ><section  class='av_textblock_section av-m7dfm8ef-6ea5fa30bb2d79194fdfd01b351d1fe8 '   itemscope=\"itemscope\" itemtype=\"https:\/\/schema.org\/CreativeWork\" ><div class='avia_textblock'  itemprop=\"text\" ><p><strong>Exzellenter Service <\/strong><\/p>\n<ul>\n<li>Erziele positive Bewertungen und biete deinen Kund:innen ein au\u00dfergew\u00f6hnliches Erlebnis. <br \/>Stelle sicher, dass dein Produkt oder deine Dienstleistung von hoher Qualit\u00e4t ist und der Kundenservice freundlich sowie professionell auftritt. <\/li>\n<\/ul>\n<p><strong>Direkte Feedback-Anfrage<\/strong><\/p>\n<ul>\n<li>Nach jedem Besuch, Verkauf oder Service fordert die Software Kund:innen automatisch und freundlich dazu auf, eine Bewertung zu hinterlassen. <\/li>\n<li>Ein Beispiel: <em>Wir freuen uns, dass du zufrieden bist! W\u00fcrdest du uns helfen, indem du eine Bewertung zu deiner Erfahrung hinterl\u00e4sst?<\/em><\/li>\n<\/ul>\n<p><strong>Mache es einfach, eine Bewertung zu hinterlassen<\/strong><\/p>\n<ul>\n<li>Die Software sendet direkte Links zu deinen Bewertungsseiten (z. B. Google My Business, Yelp, Facebook oder TripAdvisor). Je einfacher es f\u00fcr Kund:innen ist, desto wahrscheinlicher ist es, dass sie eine Bewertung abgeben. <\/li>\n<\/ul>\n<p><strong> Zufriedene Kund:innen aktiv ansprechen<\/strong><\/p>\n<ul>\n<li>Die Software identifiziert Kund:innen, die Begeisterung f\u00fcr deinen Service gezeigt haben, und bittet sie gezielt darum, ihre Erfahrung online zu teilen. Zufriedene Kund:innen sind oft gerne bereit, eine positive Bewertung zu hinterlassen. <\/li>\n<\/ul>\n<p><strong>Nutze soziale Medien<\/strong><\/p>\n<ul>\n<li>Baue deine Online-Pr\u00e4senz auf Social Media aus und fordere deine Follower aktiv zu Bewertungen auf.<\/li>\n<\/ul>\n<p><strong>Biete Anreize (mit Vorsicht)<\/strong><\/p>\n<ul>\n<li>In einigen F\u00e4llen kannst du einen kleinen Anreiz f\u00fcr das Hinterlassen einer Bewertung anbieten, zum Beispiel einen Rabatt auf den n\u00e4chsten Einkauf. <br \/>Achte jedoch darauf, die Richtlinien der jeweiligen Plattform einzuhalten (zum Beispiel verbietet Google Anreize im Austausch f\u00fcr Bewertungen). <\/li>\n<\/ul>\n<p><strong>Bewertungen aktiv beantworten<\/strong><\/p>\n<ul>\n<li>Antworte immer auf Bewertungen \u2013 sowohl auf positive als auch auf negative.<br \/>Zeige deinen Kund:innen, dass du ihr Feedback sch\u00e4tzt und kontinuierlich an Verbesserungen arbeitest. Das motiviert auch andere, eine Bewertung zu hinterlassen.  <\/li>\n<\/ul>\n<\/div><\/section><\/div><div  class='flex_column av-97wvy-ec9ab7d780815ac7636db19576b72893 av_one_half  avia-builder-el-11  el_after_av_one_half  el_before_av_hr  flex_column_div  '     ><section  class='av_textblock_section av-m7a8x64r-7694ca6e2a594719389f33c0637ffaf0 '   itemscope=\"itemscope\" itemtype=\"https:\/\/schema.org\/CreativeWork\" ><div class='avia_textblock'  itemprop=\"text\" ><p><strong>Schaffe ein unvergessliches Erlebnis<\/strong><\/p>\n<ul>\n<li>Biete etwas Einzigartiges oder \u00dcberraschendes, das Kund:innen dazu bringt, \u00fcber dein Unternehmen zu sprechen.<br \/>Zum Beispiel ein kleines Geschenk, ein personalisierter Service oder eine besondere Aufmerksamkeit. <\/li>\n<\/ul>\n<p><strong>Usa email o SMS di follow-up<\/strong><\/p>\n<ul>\n<li>Nach einem Kauf oder einer Dienstleistung sendet die Software automatisch eine Dankes-E-Mail oder eine Nachricht mit einem Link zur Abgabe einer Bewertung.<\/li>\n<\/ul>\n<p><strong>Bestehende Kundenbewertungen aktiv nutzen<\/strong><\/p>\n<ul>\n<li>Mache positive Kundenbewertungen auf Social Media und deiner Website sichtbar \u2013 so motivierst du weitere Kund:innen, ihre Erfahrungen zu teilen. <\/li>\n<\/ul>\n<p><strong>Sei geduldig und konsequent<\/strong><\/p>\n<ul>\n<li>Der Aufbau positiver Bewertungen ist ein Prozess. Konsequenter, hochwertiger Service und eine respektvolle Feedback-Anfrage zahlen sich langfristig aus. <\/li>\n<\/ul>\n<p><strong>Achtung:<\/strong><\/p>\n<ul>\n<li>Der Kauf gef\u00e4lschter Bewertungen ist nicht nur unethisch, sondern kann auch die Reputation deines Unternehmens erheblich beeintr\u00e4chtigen und zu Strafen seitens der Plattformen f\u00fchren.<\/li>\n<li>Negative Bewertungen sollten stets professionell behandelt werden \u2013 mit konstruktiven Antworten und dem klaren Ziel, L\u00f6sungen anzubieten.<\/li>\n<\/ul>\n<\/div><\/section><\/div>\n<style type=\"text\/css\" data-created_by=\"avia_inline_auto\" id=\"style-css-av-oj8q-a5ab37db9ef882fd1ba45442fe3b6dcb\">\n#top .hr.hr-invisible.av-oj8q-a5ab37db9ef882fd1ba45442fe3b6dcb{\nheight:50px;\n}\n<\/style>\n<div  class='hr av-oj8q-a5ab37db9ef882fd1ba45442fe3b6dcb hr-invisible  avia-builder-el-13  el_after_av_one_half  el_before_av_button '><span class='hr-inner '><span class=\"hr-inner-style\"><\/span><\/span><\/div>\n<div  class='avia-button-wrap av-m7bnw28a-2191f0d39ff5a40e891a00694eed2ebc-wrap avia-button-center  avia-builder-el-14  el_after_av_hr  avia-builder-el-last '>\n<style type=\"text\/css\" data-created_by=\"avia_inline_auto\" id=\"style-css-av-m7bnw28a-2191f0d39ff5a40e891a00694eed2ebc\">\n#top #wrap_all .avia-button.av-m7bnw28a-2191f0d39ff5a40e891a00694eed2ebc{\nbackground-color:#e30c65;\nborder-color:#e30c65;\ncolor:#ffffff;\ntransition:all 0.4s ease-in-out;\n}\n#top #wrap_all .avia-button.av-m7bnw28a-2191f0d39ff5a40e891a00694eed2ebc:hover{\nbackground-color:#e30c65;\ncolor:#ffffff;\ntransition:all 0.4s ease-in-out;\n}\n<\/style>\n<a href='https:\/\/check-ai.it\/de\/ueber-uns-kontakt\/'  class='avia-button av-m7bnw28a-2191f0d39ff5a40e891a00694eed2ebc av-link-btn avia-icon_select-yes-left-icon avia-size-x-large avia-position-center av-icon-on-hover'   aria-label=\"Fordere deine individuelle Anpassung an\"><span class='avia_button_icon avia_button_icon_left' aria-hidden='true' data-av_icon='\ue875' data-av_iconfont='entypo-fontello'><\/span><span class='avia_iconbox_title' >Fordere deine individuelle Anpassung an<\/span><\/a><\/div>\n<\/div><\/div><\/main><!-- close content main element --><\/div><\/div><div id='after_section_1'  class='main_color av_default_container_wrap container_wrap sidebar_right'  ><div class='container av-section-cont-open' ><div class='template-page content  av-content-small alpha units'><div class='post-entry post-entry-type-page post-entry-2713'><div class='entry-content-wrapper clearfix'>\n","protected":false},"excerpt":{"rendered":"","protected":false},"author":1,"featured_media":0,"parent":0,"menu_order":0,"comment_status":"closed","ping_status":"closed","template":"","meta":{"footnotes":""},"class_list":["post-2713","page","type-page","status-publish","hentry"],"yoast_head":"<!-- This site is optimized with the Yoast SEO plugin v27.4 - https:\/\/yoast.com\/product\/yoast-seo-wordpress\/ -->\n<title>Ergebnisse - Check-ai<\/title>\n<meta name=\"robots\" content=\"index, follow, max-snippet:-1, max-image-preview:large, max-video-preview:-1\" \/>\n<link rel=\"canonical\" href=\"https:\/\/check-ai.it\/de\/ergebnisse\/\" \/>\n<meta property=\"og:locale\" content=\"de_DE\" \/>\n<meta property=\"og:type\" content=\"article\" \/>\n<meta property=\"og:title\" content=\"Ergebnisse - Check-ai\" \/>\n<meta property=\"og:url\" content=\"https:\/\/check-ai.it\/de\/ergebnisse\/\" \/>\n<meta property=\"og:site_name\" content=\"Check-ai\" \/>\n<meta property=\"article:publisher\" content=\"https:\/\/www.facebook.com\/check.ai.it\" \/>\n<meta property=\"article:modified_time\" content=\"2025-12-30T09:09:31+00:00\" \/>\n<meta property=\"og:image\" content=\"https:\/\/check-ai.it\/wp-content\/uploads\/2025\/09\/526218347_122100034670962795_2212864370439354200_n.jpg\" \/>\n\t<meta property=\"og:image:width\" content=\"842\" \/>\n\t<meta property=\"og:image:height\" content=\"595\" \/>\n\t<meta property=\"og:image:type\" content=\"image\/jpeg\" \/>\n<meta name=\"twitter:card\" content=\"summary_large_image\" \/>\n<meta name=\"twitter:label1\" content=\"Gesch\u00e4tzte Lesezeit\" \/>\n\t<meta name=\"twitter:data1\" content=\"23\u00a0Minuten\" \/>\n<script type=\"application\/ld+json\" class=\"yoast-schema-graph\">{\"@context\":\"https:\\\/\\\/schema.org\",\"@graph\":[{\"@type\":\"WebPage\",\"@id\":\"https:\\\/\\\/check-ai.it\\\/de\\\/ergebnisse\\\/\",\"url\":\"https:\\\/\\\/check-ai.it\\\/de\\\/ergebnisse\\\/\",\"name\":\"Ergebnisse - Check-ai\",\"isPartOf\":{\"@id\":\"https:\\\/\\\/check-ai.it\\\/de\\\/#website\"},\"datePublished\":\"2025-02-19T09:04:36+00:00\",\"dateModified\":\"2025-12-30T09:09:31+00:00\",\"breadcrumb\":{\"@id\":\"https:\\\/\\\/check-ai.it\\\/de\\\/ergebnisse\\\/#breadcrumb\"},\"inLanguage\":\"de\",\"potentialAction\":[{\"@type\":\"ReadAction\",\"target\":[\"https:\\\/\\\/check-ai.it\\\/de\\\/ergebnisse\\\/\"]}]},{\"@type\":\"BreadcrumbList\",\"@id\":\"https:\\\/\\\/check-ai.it\\\/de\\\/ergebnisse\\\/#breadcrumb\",\"itemListElement\":[{\"@type\":\"ListItem\",\"position\":1,\"name\":\"Home\",\"item\":\"https:\\\/\\\/check-ai.it\\\/de\\\/\"},{\"@type\":\"ListItem\",\"position\":2,\"name\":\"Ergebnisse\"}]},{\"@type\":\"WebSite\",\"@id\":\"https:\\\/\\\/check-ai.it\\\/de\\\/#website\",\"url\":\"https:\\\/\\\/check-ai.it\\\/de\\\/\",\"name\":\"Check-ai\",\"description\":\"Ogni ospite diventa un fan\",\"publisher\":{\"@id\":\"https:\\\/\\\/check-ai.it\\\/de\\\/#organization\"},\"alternateName\":\"Ogni ospite diventa un fan\",\"potentialAction\":[{\"@type\":\"SearchAction\",\"target\":{\"@type\":\"EntryPoint\",\"urlTemplate\":\"https:\\\/\\\/check-ai.it\\\/de\\\/?s={search_term_string}\"},\"query-input\":{\"@type\":\"PropertyValueSpecification\",\"valueRequired\":true,\"valueName\":\"search_term_string\"}}],\"inLanguage\":\"de\"},{\"@type\":\"Organization\",\"@id\":\"https:\\\/\\\/check-ai.it\\\/de\\\/#organization\",\"name\":\"Check-ai\",\"url\":\"https:\\\/\\\/check-ai.it\\\/de\\\/\",\"logo\":{\"@type\":\"ImageObject\",\"inLanguage\":\"de\",\"@id\":\"https:\\\/\\\/check-ai.it\\\/de\\\/#\\\/schema\\\/logo\\\/image\\\/\",\"url\":\"https:\\\/\\\/check-ai.it\\\/wp-content\\\/uploads\\\/2025\\\/09\\\/526218347_122100034670962795_2212864370439354200_n.jpg\",\"contentUrl\":\"https:\\\/\\\/check-ai.it\\\/wp-content\\\/uploads\\\/2025\\\/09\\\/526218347_122100034670962795_2212864370439354200_n.jpg\",\"width\":842,\"height\":595,\"caption\":\"Check-ai\"},\"image\":{\"@id\":\"https:\\\/\\\/check-ai.it\\\/de\\\/#\\\/schema\\\/logo\\\/image\\\/\"},\"sameAs\":[\"https:\\\/\\\/www.facebook.com\\\/check.ai.it\"]}]}<\/script>\n<!-- \/ Yoast SEO plugin. -->","yoast_head_json":{"title":"Ergebnisse - Check-ai","robots":{"index":"index","follow":"follow","max-snippet":"max-snippet:-1","max-image-preview":"max-image-preview:large","max-video-preview":"max-video-preview:-1"},"canonical":"https:\/\/check-ai.it\/de\/ergebnisse\/","og_locale":"de_DE","og_type":"article","og_title":"Ergebnisse - Check-ai","og_url":"https:\/\/check-ai.it\/de\/ergebnisse\/","og_site_name":"Check-ai","article_publisher":"https:\/\/www.facebook.com\/check.ai.it","article_modified_time":"2025-12-30T09:09:31+00:00","og_image":[{"width":842,"height":595,"url":"https:\/\/check-ai.it\/wp-content\/uploads\/2025\/09\/526218347_122100034670962795_2212864370439354200_n.jpg","type":"image\/jpeg"}],"twitter_card":"summary_large_image","twitter_misc":{"Gesch\u00e4tzte Lesezeit":"23\u00a0Minuten"},"schema":{"@context":"https:\/\/schema.org","@graph":[{"@type":"WebPage","@id":"https:\/\/check-ai.it\/de\/ergebnisse\/","url":"https:\/\/check-ai.it\/de\/ergebnisse\/","name":"Ergebnisse - Check-ai","isPartOf":{"@id":"https:\/\/check-ai.it\/de\/#website"},"datePublished":"2025-02-19T09:04:36+00:00","dateModified":"2025-12-30T09:09:31+00:00","breadcrumb":{"@id":"https:\/\/check-ai.it\/de\/ergebnisse\/#breadcrumb"},"inLanguage":"de","potentialAction":[{"@type":"ReadAction","target":["https:\/\/check-ai.it\/de\/ergebnisse\/"]}]},{"@type":"BreadcrumbList","@id":"https:\/\/check-ai.it\/de\/ergebnisse\/#breadcrumb","itemListElement":[{"@type":"ListItem","position":1,"name":"Home","item":"https:\/\/check-ai.it\/de\/"},{"@type":"ListItem","position":2,"name":"Ergebnisse"}]},{"@type":"WebSite","@id":"https:\/\/check-ai.it\/de\/#website","url":"https:\/\/check-ai.it\/de\/","name":"Check-ai","description":"Ogni ospite diventa un fan","publisher":{"@id":"https:\/\/check-ai.it\/de\/#organization"},"alternateName":"Ogni ospite diventa un fan","potentialAction":[{"@type":"SearchAction","target":{"@type":"EntryPoint","urlTemplate":"https:\/\/check-ai.it\/de\/?s={search_term_string}"},"query-input":{"@type":"PropertyValueSpecification","valueRequired":true,"valueName":"search_term_string"}}],"inLanguage":"de"},{"@type":"Organization","@id":"https:\/\/check-ai.it\/de\/#organization","name":"Check-ai","url":"https:\/\/check-ai.it\/de\/","logo":{"@type":"ImageObject","inLanguage":"de","@id":"https:\/\/check-ai.it\/de\/#\/schema\/logo\/image\/","url":"https:\/\/check-ai.it\/wp-content\/uploads\/2025\/09\/526218347_122100034670962795_2212864370439354200_n.jpg","contentUrl":"https:\/\/check-ai.it\/wp-content\/uploads\/2025\/09\/526218347_122100034670962795_2212864370439354200_n.jpg","width":842,"height":595,"caption":"Check-ai"},"image":{"@id":"https:\/\/check-ai.it\/de\/#\/schema\/logo\/image\/"},"sameAs":["https:\/\/www.facebook.com\/check.ai.it"]}]}},"_links":{"self":[{"href":"https:\/\/check-ai.it\/de\/wp-json\/wp\/v2\/pages\/2713","targetHints":{"allow":["GET"]}}],"collection":[{"href":"https:\/\/check-ai.it\/de\/wp-json\/wp\/v2\/pages"}],"about":[{"href":"https:\/\/check-ai.it\/de\/wp-json\/wp\/v2\/types\/page"}],"author":[{"embeddable":true,"href":"https:\/\/check-ai.it\/de\/wp-json\/wp\/v2\/users\/1"}],"replies":[{"embeddable":true,"href":"https:\/\/check-ai.it\/de\/wp-json\/wp\/v2\/comments?post=2713"}],"version-history":[{"count":3,"href":"https:\/\/check-ai.it\/de\/wp-json\/wp\/v2\/pages\/2713\/revisions"}],"predecessor-version":[{"id":2716,"href":"https:\/\/check-ai.it\/de\/wp-json\/wp\/v2\/pages\/2713\/revisions\/2716"}],"wp:attachment":[{"href":"https:\/\/check-ai.it\/de\/wp-json\/wp\/v2\/media?parent=2713"}],"curies":[{"name":"wp","href":"https:\/\/api.w.org\/{rel}","templated":true}]}}