{"id":2638,"date":"2025-02-19T08:23:59","date_gmt":"2025-02-19T08:23:59","guid":{"rendered":"https:\/\/check-ai.it\/flexibilitaet\/"},"modified":"2025-12-30T08:14:00","modified_gmt":"2025-12-30T08:14:00","slug":"flexibilitaet","status":"publish","type":"page","link":"https:\/\/check-ai.it\/de\/flexibilitaet\/","title":{"rendered":"Flexibilit\u00e4t"},"content":{"rendered":"<div id='work'  class='avia-section av-1391r-043f17027340bd3f21dc7966d7610c59 main_color avia-section-huge avia-no-border-styling  avia-builder-el-0  avia-builder-el-no-sibling  avia-bg-style-scroll container_wrap sidebar_right'  ><div class='container av-section-cont-open' ><main  role=\"main\" itemprop=\"mainContentOfPage\"  class='template-page content  av-content-small alpha units'><div class='post-entry post-entry-type-page post-entry-2638'><div class='entry-content-wrapper clearfix'>\n\n<style type=\"text\/css\" data-created_by=\"avia_inline_auto\" id=\"style-css-av-thzo1-ef1f52b14785e09fe6e31c8df9ec0538\">\n#top .av-special-heading.av-thzo1-ef1f52b14785e09fe6e31c8df9ec0538{\nmargin:0 0 0.7em 0;\npadding-bottom:0;\nfont-size:53px;\n}\nbody .av-special-heading.av-thzo1-ef1f52b14785e09fe6e31c8df9ec0538 .av-special-heading-tag .heading-char{\nfont-size:25px;\n}\n#top #wrap_all .av-special-heading.av-thzo1-ef1f52b14785e09fe6e31c8df9ec0538 .av-special-heading-tag{\nfont-size:53px;\n}\n.av-special-heading.av-thzo1-ef1f52b14785e09fe6e31c8df9ec0538 .av-subheading{\nfont-size:23px;\n}\n\n@media only screen and (min-width: 480px) and (max-width: 767px){ \n#top #wrap_all .av-special-heading.av-thzo1-ef1f52b14785e09fe6e31c8df9ec0538 .av-special-heading-tag{\nfont-size:0.8em;\n}\n}\n\n@media only screen and (max-width: 479px){ \n#top #wrap_all .av-special-heading.av-thzo1-ef1f52b14785e09fe6e31c8df9ec0538 .av-special-heading-tag{\nfont-size:0.8em;\n}\n}\n<\/style>\n<div  class='av-special-heading av-thzo1-ef1f52b14785e09fe6e31c8df9ec0538 av-special-heading-h3 blockquote modern-quote modern-centered  avia-builder-el-1  el_before_av_hr  avia-builder-el-first  av-inherit-size'><h3 class='av-special-heading-tag '  itemprop=\"headline\"  >Flexibilit\u00e4t <span class='special_amp'>&amp;<\/span> Personalisierungen<\/h3><div class=\"special-heading-border\"><div class=\"special-heading-inner-border\"><\/div><\/div><\/div>\n\n<style type=\"text\/css\" data-created_by=\"avia_inline_auto\" id=\"style-css-av-8i4n2-89639438bc38072d206b3062ed03c5b4\">\n#top .hr.av-8i4n2-89639438bc38072d206b3062ed03c5b4{\nmargin-top:20px;\nmargin-bottom:90px;\n}\n.hr.av-8i4n2-89639438bc38072d206b3062ed03c5b4 .hr-inner{\nwidth:40px;\nborder-color:#45c0d6;\nmax-width:45%;\n}\n.hr.av-8i4n2-89639438bc38072d206b3062ed03c5b4 .av-seperator-icon{\ncolor:rgba(69,192,214,0.68);\n}\n<\/style>\n<div  class='hr av-8i4n2-89639438bc38072d206b3062ed03c5b4 hr-custom  avia-builder-el-2  el_after_av_heading  el_before_av_textblock  hr-center hr-icon-yes'><span class='hr-inner inner-border-av-border-thin'><span class=\"hr-inner-style\"><\/span><\/span><span class='av-seperator-icon' aria-hidden='true' data-av_icon='\ue89a' data-av_iconfont='entypo-fontello'><\/span><span class='hr-inner inner-border-av-border-thin'><span class=\"hr-inner-style\"><\/span><\/span><\/div>\n<section  class='av_textblock_section av-m79a38pq-bfacd707873c82bf2897c67aa83eb01b '   itemscope=\"itemscope\" itemtype=\"https:\/\/schema.org\/CreativeWork\" ><div class='avia_textblock'  itemprop=\"text\" ><p>Flexibilit\u00e4t ist einer der Kernaspekte, die unsere Plattform auszeichnen. Das System ist modular aufgebaut und hochgradig konfigurierbar. Es erm\u00f6glicht Unternehmen, es an ihre individuellen Anforderungen anzupassen \u2013 ganz ohne Eingriffe in Code oder Infrastruktur. <\/p>\n<p>Der API-First-Ansatz erm\u00f6glicht eine nahtlose Integration mit Drittanbieter-Software wie CRM-, ERP-Systemen, Marketing-Automation-Tools und externen Anwendungen.<br \/>Die Funktionen k\u00f6nnen je nach Kundenbedarf aktiviert oder deaktiviert werden \u2013 dank eines Lizenzverwaltungssystems, das den Zugriff auf spezifische Features entsprechend der gebuchten Stufen steuert. <\/p>\n<p>Dank dieser Prinzipien bietet die Plattform nicht nur ein hohes Ma\u00df an Qualit\u00e4t und Sicherheit, sondern gew\u00e4hrleistet auch ein agiles und skalierbares Management \u2013 und ist damit die ideale L\u00f6sung f\u00fcr Branchen im stetigen Wandel.<\/p>\n<\/div><\/section>\n\n<style type=\"text\/css\" data-created_by=\"avia_inline_auto\" id=\"style-css-av-6qvmu-d4227326ed5f2470de453bcf996906a4\">\n#top .hr.hr-invisible.av-6qvmu-d4227326ed5f2470de453bcf996906a4{\nheight:50px;\n}\n<\/style>\n<div  class='hr av-6qvmu-d4227326ed5f2470de453bcf996906a4 hr-invisible  avia-builder-el-4  el_after_av_textblock  el_before_av_one_half '><span class='hr-inner '><span class=\"hr-inner-style\"><\/span><\/span><\/div>\n<div  class='flex_column av-8vn7sa-7525b563cff6316ed89713e92d82ecb3 av_one_half  avia-builder-el-5  el_after_av_hr  el_before_av_one_half  first flex_column_div  '     ><section  class='av_textblock_section av-m7a8x64r-7694ca6e2a594719389f33c0637ffaf0 '   itemscope=\"itemscope\" itemtype=\"https:\/\/schema.org\/CreativeWork\" ><div class='avia_textblock'  itemprop=\"text\" ><h3>Verwendete Technologien<\/h3>\n<p>Das technologische \u00d6kosystem wurde so ausgew\u00e4hlt, dass es maximale Zuverl\u00e4ssigkeit, Leistung und Skalierbarkeit gew\u00e4hrleistet.<\/p>\n<ul>\n<li>Backend: entwickelt mit Python und Django<\/li>\n<li>Frontend: entwickelt mit Vue.js und Quasar<\/li>\n<li>Datenbank: Verwendung von PostgreSQL<\/li>\n<li>Sicherheit: Sicheres API-Key-Management mit OAuth2, moderne Verschl\u00fcsselung zum Schutz sensibler Daten sowie Konformit\u00e4t mit den Sicherheitsanforderungen der NIS2-Richtlinie und der DSGVO.<\/li>\n<\/ul>\n<\/div><\/section><\/div>\n<style type=\"text\/css\" data-created_by=\"avia_inline_auto\" id=\"style-css-av-m7a8xiav-f77644b5f7d9534f2c5cbdff50e59c3b\">\n.flex_column.av-m7a8xiav-f77644b5f7d9534f2c5cbdff50e59c3b{\npadding:30px 30px 30px 30px;\nbackground-color:#dddddd;\n}\n<\/style>\n<div  class='flex_column av-m7a8xiav-f77644b5f7d9534f2c5cbdff50e59c3b av_one_half  avia-builder-el-7  el_after_av_one_half  el_before_av_hr  flex_column_div  '     ><section  class='av_textblock_section av-ama5i-2ba6383de68c8a641f1f3761e51d4b14 '   itemscope=\"itemscope\" itemtype=\"https:\/\/schema.org\/CreativeWork\" ><div class='avia_textblock'  itemprop=\"text\" ><h3>Schl\u00fcsselfiguren<\/h3>\n<p>Das Entwicklungsteam besteht aus verschiedenen Schl\u00fcsselfiguren:<\/p>\n<ul>\n<li>Produktmanager:in<\/li>\n<li>Backend-Entwickler:in<\/li>\n<li>Frontend-Entwickler:in<\/li>\n<li>UX\/UI Designer:in<\/li>\n<li>DevOPS Ingenieur:in<\/li>\n<li>IT-Sicherheitsspezialist:in<\/li>\n<\/ul>\n<\/div><\/section><\/div>\n<style type=\"text\/css\" data-created_by=\"avia_inline_auto\" id=\"style-css-av-oj8q-a5ab37db9ef882fd1ba45442fe3b6dcb\">\n#top .hr.hr-invisible.av-oj8q-a5ab37db9ef882fd1ba45442fe3b6dcb{\nheight:50px;\n}\n<\/style>\n<div  class='hr av-oj8q-a5ab37db9ef882fd1ba45442fe3b6dcb hr-invisible  avia-builder-el-9  el_after_av_one_half  el_before_av_button '><span class='hr-inner '><span class=\"hr-inner-style\"><\/span><\/span><\/div>\n<div  class='avia-button-wrap av-m7bnw28a-6a764de9ae557a07261cff8475e58bac-wrap avia-button-center  avia-builder-el-10  el_after_av_hr  avia-builder-el-last '>\n<style type=\"text\/css\" data-created_by=\"avia_inline_auto\" id=\"style-css-av-m7bnw28a-6a764de9ae557a07261cff8475e58bac\">\n#top #wrap_all .avia-button.av-m7bnw28a-6a764de9ae557a07261cff8475e58bac{\nbackground-color:#e30c65;\nborder-color:#e30c65;\ncolor:#ffffff;\ntransition:all 0.4s ease-in-out;\n}\n#top #wrap_all .avia-button.av-m7bnw28a-6a764de9ae557a07261cff8475e58bac:hover{\nbackground-color:#e30c65;\ncolor:white;\ntransition:all 0.4s ease-in-out;\n}\n<\/style>\n<a href='https:\/\/check-ai.it\/de\/ueber-uns-kontakt\/'  class='avia-button av-m7bnw28a-6a764de9ae557a07261cff8475e58bac av-link-btn avia-icon_select-yes-left-icon avia-size-x-large avia-position-center av-icon-on-hover'   aria-label=\"Fordere deine individuelle L\u00f6sung an\"><span class='avia_button_icon avia_button_icon_left' aria-hidden='true' data-av_icon='\ue875' data-av_iconfont='entypo-fontello'><\/span><span class='avia_iconbox_title' >Fordere deine individuelle L\u00f6sung an<\/span><\/a><\/div>\n<\/div><\/div><\/main><!-- close content main element --><\/div><\/div><div id='after_section_1'  class='main_color av_default_container_wrap container_wrap sidebar_right'  ><div class='container av-section-cont-open' ><div class='template-page content  av-content-small alpha units'><div class='post-entry post-entry-type-page post-entry-2638'><div class='entry-content-wrapper clearfix'>\n","protected":false},"excerpt":{"rendered":"","protected":false},"author":1,"featured_media":0,"parent":0,"menu_order":0,"comment_status":"closed","ping_status":"closed","template":"","meta":{"footnotes":""},"class_list":["post-2638","page","type-page","status-publish","hentry"],"yoast_head":"<!-- This site is optimized with the Yoast SEO plugin v27.4 - https:\/\/yoast.com\/product\/yoast-seo-wordpress\/ -->\n<title>Flexibilit\u00e4t - Check-ai<\/title>\n<meta name=\"robots\" content=\"index, follow, max-snippet:-1, max-image-preview:large, max-video-preview:-1\" \/>\n<link rel=\"canonical\" href=\"https:\/\/check-ai.it\/de\/flexibilitaet\/\" \/>\n<meta property=\"og:locale\" content=\"de_DE\" \/>\n<meta property=\"og:type\" content=\"article\" \/>\n<meta property=\"og:title\" content=\"Flexibilit\u00e4t - Check-ai\" \/>\n<meta property=\"og:url\" content=\"https:\/\/check-ai.it\/de\/flexibilitaet\/\" \/>\n<meta property=\"og:site_name\" content=\"Check-ai\" \/>\n<meta property=\"article:publisher\" content=\"https:\/\/www.facebook.com\/check.ai.it\" \/>\n<meta property=\"article:modified_time\" content=\"2025-12-30T08:14:00+00:00\" \/>\n<meta property=\"og:image\" content=\"https:\/\/check-ai.it\/wp-content\/uploads\/2025\/09\/526218347_122100034670962795_2212864370439354200_n.jpg\" \/>\n\t<meta property=\"og:image:width\" content=\"842\" \/>\n\t<meta property=\"og:image:height\" content=\"595\" \/>\n\t<meta property=\"og:image:type\" content=\"image\/jpeg\" \/>\n<meta name=\"twitter:card\" content=\"summary_large_image\" \/>\n<meta name=\"twitter:label1\" content=\"Gesch\u00e4tzte Lesezeit\" \/>\n\t<meta name=\"twitter:data1\" content=\"12\u00a0Minuten\" \/>\n<script type=\"application\/ld+json\" class=\"yoast-schema-graph\">{\"@context\":\"https:\\\/\\\/schema.org\",\"@graph\":[{\"@type\":\"WebPage\",\"@id\":\"https:\\\/\\\/check-ai.it\\\/de\\\/flexibilitaet\\\/\",\"url\":\"https:\\\/\\\/check-ai.it\\\/de\\\/flexibilitaet\\\/\",\"name\":\"Flexibilit\u00e4t - Check-ai\",\"isPartOf\":{\"@id\":\"https:\\\/\\\/check-ai.it\\\/de\\\/#website\"},\"datePublished\":\"2025-02-19T08:23:59+00:00\",\"dateModified\":\"2025-12-30T08:14:00+00:00\",\"breadcrumb\":{\"@id\":\"https:\\\/\\\/check-ai.it\\\/de\\\/flexibilitaet\\\/#breadcrumb\"},\"inLanguage\":\"de\",\"potentialAction\":[{\"@type\":\"ReadAction\",\"target\":[\"https:\\\/\\\/check-ai.it\\\/de\\\/flexibilitaet\\\/\"]}]},{\"@type\":\"BreadcrumbList\",\"@id\":\"https:\\\/\\\/check-ai.it\\\/de\\\/flexibilitaet\\\/#breadcrumb\",\"itemListElement\":[{\"@type\":\"ListItem\",\"position\":1,\"name\":\"Home\",\"item\":\"https:\\\/\\\/check-ai.it\\\/de\\\/\"},{\"@type\":\"ListItem\",\"position\":2,\"name\":\"Flexibilit\u00e4t\"}]},{\"@type\":\"WebSite\",\"@id\":\"https:\\\/\\\/check-ai.it\\\/de\\\/#website\",\"url\":\"https:\\\/\\\/check-ai.it\\\/de\\\/\",\"name\":\"Check-ai\",\"description\":\"Ogni ospite diventa un fan\",\"publisher\":{\"@id\":\"https:\\\/\\\/check-ai.it\\\/de\\\/#organization\"},\"alternateName\":\"Ogni ospite diventa un fan\",\"potentialAction\":[{\"@type\":\"SearchAction\",\"target\":{\"@type\":\"EntryPoint\",\"urlTemplate\":\"https:\\\/\\\/check-ai.it\\\/de\\\/?s={search_term_string}\"},\"query-input\":{\"@type\":\"PropertyValueSpecification\",\"valueRequired\":true,\"valueName\":\"search_term_string\"}}],\"inLanguage\":\"de\"},{\"@type\":\"Organization\",\"@id\":\"https:\\\/\\\/check-ai.it\\\/de\\\/#organization\",\"name\":\"Check-ai\",\"url\":\"https:\\\/\\\/check-ai.it\\\/de\\\/\",\"logo\":{\"@type\":\"ImageObject\",\"inLanguage\":\"de\",\"@id\":\"https:\\\/\\\/check-ai.it\\\/de\\\/#\\\/schema\\\/logo\\\/image\\\/\",\"url\":\"https:\\\/\\\/check-ai.it\\\/wp-content\\\/uploads\\\/2025\\\/09\\\/526218347_122100034670962795_2212864370439354200_n.jpg\",\"contentUrl\":\"https:\\\/\\\/check-ai.it\\\/wp-content\\\/uploads\\\/2025\\\/09\\\/526218347_122100034670962795_2212864370439354200_n.jpg\",\"width\":842,\"height\":595,\"caption\":\"Check-ai\"},\"image\":{\"@id\":\"https:\\\/\\\/check-ai.it\\\/de\\\/#\\\/schema\\\/logo\\\/image\\\/\"},\"sameAs\":[\"https:\\\/\\\/www.facebook.com\\\/check.ai.it\"]}]}<\/script>\n<!-- \/ Yoast SEO plugin. -->","yoast_head_json":{"title":"Flexibilit\u00e4t - Check-ai","robots":{"index":"index","follow":"follow","max-snippet":"max-snippet:-1","max-image-preview":"max-image-preview:large","max-video-preview":"max-video-preview:-1"},"canonical":"https:\/\/check-ai.it\/de\/flexibilitaet\/","og_locale":"de_DE","og_type":"article","og_title":"Flexibilit\u00e4t - Check-ai","og_url":"https:\/\/check-ai.it\/de\/flexibilitaet\/","og_site_name":"Check-ai","article_publisher":"https:\/\/www.facebook.com\/check.ai.it","article_modified_time":"2025-12-30T08:14:00+00:00","og_image":[{"width":842,"height":595,"url":"https:\/\/check-ai.it\/wp-content\/uploads\/2025\/09\/526218347_122100034670962795_2212864370439354200_n.jpg","type":"image\/jpeg"}],"twitter_card":"summary_large_image","twitter_misc":{"Gesch\u00e4tzte Lesezeit":"12\u00a0Minuten"},"schema":{"@context":"https:\/\/schema.org","@graph":[{"@type":"WebPage","@id":"https:\/\/check-ai.it\/de\/flexibilitaet\/","url":"https:\/\/check-ai.it\/de\/flexibilitaet\/","name":"Flexibilit\u00e4t - Check-ai","isPartOf":{"@id":"https:\/\/check-ai.it\/de\/#website"},"datePublished":"2025-02-19T08:23:59+00:00","dateModified":"2025-12-30T08:14:00+00:00","breadcrumb":{"@id":"https:\/\/check-ai.it\/de\/flexibilitaet\/#breadcrumb"},"inLanguage":"de","potentialAction":[{"@type":"ReadAction","target":["https:\/\/check-ai.it\/de\/flexibilitaet\/"]}]},{"@type":"BreadcrumbList","@id":"https:\/\/check-ai.it\/de\/flexibilitaet\/#breadcrumb","itemListElement":[{"@type":"ListItem","position":1,"name":"Home","item":"https:\/\/check-ai.it\/de\/"},{"@type":"ListItem","position":2,"name":"Flexibilit\u00e4t"}]},{"@type":"WebSite","@id":"https:\/\/check-ai.it\/de\/#website","url":"https:\/\/check-ai.it\/de\/","name":"Check-ai","description":"Ogni ospite diventa un fan","publisher":{"@id":"https:\/\/check-ai.it\/de\/#organization"},"alternateName":"Ogni ospite diventa un fan","potentialAction":[{"@type":"SearchAction","target":{"@type":"EntryPoint","urlTemplate":"https:\/\/check-ai.it\/de\/?s={search_term_string}"},"query-input":{"@type":"PropertyValueSpecification","valueRequired":true,"valueName":"search_term_string"}}],"inLanguage":"de"},{"@type":"Organization","@id":"https:\/\/check-ai.it\/de\/#organization","name":"Check-ai","url":"https:\/\/check-ai.it\/de\/","logo":{"@type":"ImageObject","inLanguage":"de","@id":"https:\/\/check-ai.it\/de\/#\/schema\/logo\/image\/","url":"https:\/\/check-ai.it\/wp-content\/uploads\/2025\/09\/526218347_122100034670962795_2212864370439354200_n.jpg","contentUrl":"https:\/\/check-ai.it\/wp-content\/uploads\/2025\/09\/526218347_122100034670962795_2212864370439354200_n.jpg","width":842,"height":595,"caption":"Check-ai"},"image":{"@id":"https:\/\/check-ai.it\/de\/#\/schema\/logo\/image\/"},"sameAs":["https:\/\/www.facebook.com\/check.ai.it"]}]}},"_links":{"self":[{"href":"https:\/\/check-ai.it\/de\/wp-json\/wp\/v2\/pages\/2638","targetHints":{"allow":["GET"]}}],"collection":[{"href":"https:\/\/check-ai.it\/de\/wp-json\/wp\/v2\/pages"}],"about":[{"href":"https:\/\/check-ai.it\/de\/wp-json\/wp\/v2\/types\/page"}],"author":[{"embeddable":true,"href":"https:\/\/check-ai.it\/de\/wp-json\/wp\/v2\/users\/1"}],"replies":[{"embeddable":true,"href":"https:\/\/check-ai.it\/de\/wp-json\/wp\/v2\/comments?post=2638"}],"version-history":[{"count":2,"href":"https:\/\/check-ai.it\/de\/wp-json\/wp\/v2\/pages\/2638\/revisions"}],"predecessor-version":[{"id":2640,"href":"https:\/\/check-ai.it\/de\/wp-json\/wp\/v2\/pages\/2638\/revisions\/2640"}],"wp:attachment":[{"href":"https:\/\/check-ai.it\/de\/wp-json\/wp\/v2\/media?parent=2638"}],"curies":[{"name":"wp","href":"https:\/\/api.w.org\/{rel}","templated":true}]}}